{"id":545,"date":"2025-09-10T21:13:59","date_gmt":"2025-09-10T19:13:59","guid":{"rendered":"https:\/\/pgstab.be\/?page_id=545"},"modified":"2025-09-10T21:31:20","modified_gmt":"2025-09-10T19:31:20","slug":"expertises-stabilite-sur-liege","status":"publish","type":"page","link":"https:\/\/pgstab.be\/index.php\/expertises-stabilite-sur-liege\/","title":{"rendered":"Expertises stabilit\u00e9 sur Li\u00e8ge"},"content":{"rendered":"\n<figure class=\"wp-block-gallery has-nested-images columns-default is-cropped wp-block-gallery-1 is-layout-flex wp-block-gallery-is-layout-flex\">\n<figure class=\"wp-block-image size-large\"><img loading=\"lazy\" decoding=\"async\" width=\"576\" height=\"1024\" data-id=\"546\" src=\"https:\/\/pgstab.be\/wp-content\/uploads\/2025\/09\/IMG20250903175217-576x1024.jpg\" alt=\"\" class=\"wp-image-546\" srcset=\"https:\/\/pgstab.be\/wp-content\/uploads\/2025\/09\/IMG20250903175217-576x1024.jpg 576w, https:\/\/pgstab.be\/wp-content\/uploads\/2025\/09\/IMG20250903175217-169x300.jpg 169w, https:\/\/pgstab.be\/wp-content\/uploads\/2025\/09\/IMG20250903175217-768x1365.jpg 768w, https:\/\/pgstab.be\/wp-content\/uploads\/2025\/09\/IMG20250903175217-864x1536.jpg 864w, https:\/\/pgstab.be\/wp-content\/uploads\/2025\/09\/IMG20250903175217-1152x2048.jpg 1152w, https:\/\/pgstab.be\/wp-content\/uploads\/2025\/09\/IMG20250903175217-scaled.jpg 1440w\" sizes=\"auto, (max-width: 576px) 100vw, 576px\" \/><\/figure>\n<\/figure>\n\n\n\n<blockquote class=\"wp-block-quote is-layout-flow wp-block-quote-is-layout-flow\">\n<p>Une habitation tr\u00e8s d\u00e9form\u00e9e et fissur\u00e9e, pr\u00e9sentant des tassements diff\u00e9rentiels et affaissements<\/p>\n\n\n\n<p>Que s&#8217;est-il pass\u00e9? Est-ce dangereux?<\/p>\n\n\n\n<p>Est-ce r\u00e9parable et comment?<\/p>\n\n\n\n<h2 class=\"wp-block-heading\">Le rapport d&#8217;expertise <\/h2>\n\n\n\n<figure class=\"wp-block-gallery has-nested-images columns-default is-cropped wp-block-gallery-2 is-layout-flex wp-block-gallery-is-layout-flex\"><\/figure>\n<\/blockquote>\n\n\n\n<figure class=\"wp-block-image size-full\"><img loading=\"lazy\" decoding=\"async\" width=\"567\" height=\"814\" src=\"https:\/\/pgstab.be\/wp-content\/uploads\/2025\/09\/pg1-1.jpg\" alt=\"\" class=\"wp-image-560\" srcset=\"https:\/\/pgstab.be\/wp-content\/uploads\/2025\/09\/pg1-1.jpg 567w, https:\/\/pgstab.be\/wp-content\/uploads\/2025\/09\/pg1-1-209x300.jpg 209w\" sizes=\"auto, (max-width: 567px) 100vw, 567px\" \/><\/figure>\n\n\n\n<figure class=\"wp-block-image size-full\"><img loading=\"lazy\" decoding=\"async\" width=\"570\" height=\"796\" src=\"https:\/\/pgstab.be\/wp-content\/uploads\/2025\/09\/pg2-1.jpg\" alt=\"\" class=\"wp-image-561\" srcset=\"https:\/\/pgstab.be\/wp-content\/uploads\/2025\/09\/pg2-1.jpg 570w, https:\/\/pgstab.be\/wp-content\/uploads\/2025\/09\/pg2-1-215x300.jpg 215w\" sizes=\"auto, (max-width: 570px) 100vw, 570px\" \/><\/figure>\n\n\n\n<figure class=\"wp-block-image size-full\"><img loading=\"lazy\" decoding=\"async\" width=\"568\" height=\"814\" src=\"https:\/\/pgstab.be\/wp-content\/uploads\/2025\/09\/pg3-1.jpg\" alt=\"\" class=\"wp-image-563\" srcset=\"https:\/\/pgstab.be\/wp-content\/uploads\/2025\/09\/pg3-1.jpg 568w, https:\/\/pgstab.be\/wp-content\/uploads\/2025\/09\/pg3-1-209x300.jpg 209w\" sizes=\"auto, (max-width: 568px) 100vw, 568px\" \/><\/figure>\n\n\n\n<figure class=\"wp-block-image size-full\"><img loading=\"lazy\" decoding=\"async\" width=\"581\" height=\"810\" src=\"https:\/\/pgstab.be\/wp-content\/uploads\/2025\/09\/pg4-1.jpg\" alt=\"\" class=\"wp-image-564\" srcset=\"https:\/\/pgstab.be\/wp-content\/uploads\/2025\/09\/pg4-1.jpg 581w, https:\/\/pgstab.be\/wp-content\/uploads\/2025\/09\/pg4-1-215x300.jpg 215w\" sizes=\"auto, (max-width: 581px) 100vw, 581px\" \/><\/figure>\n\n\n\n<figure class=\"wp-block-image size-full\"><img loading=\"lazy\" decoding=\"async\" width=\"577\" height=\"819\" src=\"https:\/\/pgstab.be\/wp-content\/uploads\/2025\/09\/pg5-1.jpg\" alt=\"\" class=\"wp-image-565\" srcset=\"https:\/\/pgstab.be\/wp-content\/uploads\/2025\/09\/pg5-1.jpg 577w, https:\/\/pgstab.be\/wp-content\/uploads\/2025\/09\/pg5-1-211x300.jpg 211w\" sizes=\"auto, (max-width: 577px) 100vw, 577px\" \/><\/figure>\n\n\n\n<figure class=\"wp-block-image size-full\"><img loading=\"lazy\" decoding=\"async\" width=\"577\" height=\"807\" src=\"https:\/\/pgstab.be\/wp-content\/uploads\/2025\/09\/pg6-1.jpg\" alt=\"\" class=\"wp-image-566\" srcset=\"https:\/\/pgstab.be\/wp-content\/uploads\/2025\/09\/pg6-1.jpg 577w, https:\/\/pgstab.be\/wp-content\/uploads\/2025\/09\/pg6-1-214x300.jpg 214w\" sizes=\"auto, (max-width: 577px) 100vw, 577px\" \/><\/figure>\n","protected":false},"excerpt":{"rendered":"","protected":false},"author":1,"featured_media":0,"parent":0,"menu_order":0,"comment_status":"closed","ping_status":"closed","template":"","meta":{"footnotes":""},"class_list":["post-545","page","type-page","status-publish","hentry"],"_links":{"self":[{"href":"https:\/\/pgstab.be\/index.php\/wp-json\/wp\/v2\/pages\/545","targetHints":{"allow":["GET"]}}],"collection":[{"href":"https:\/\/pgstab.be\/index.php\/wp-json\/wp\/v2\/pages"}],"about":[{"href":"https:\/\/pgstab.be\/index.php\/wp-json\/wp\/v2\/types\/page"}],"author":[{"embeddable":true,"href":"https:\/\/pgstab.be\/index.php\/wp-json\/wp\/v2\/users\/1"}],"replies":[{"embeddable":true,"href":"https:\/\/pgstab.be\/index.php\/wp-json\/wp\/v2\/comments?post=545"}],"version-history":[{"count":3,"href":"https:\/\/pgstab.be\/index.php\/wp-json\/wp\/v2\/pages\/545\/revisions"}],"predecessor-version":[{"id":567,"href":"https:\/\/pgstab.be\/index.php\/wp-json\/wp\/v2\/pages\/545\/revisions\/567"}],"wp:attachment":[{"href":"https:\/\/pgstab.be\/index.php\/wp-json\/wp\/v2\/media?parent=545"}],"curies":[{"name":"wp","href":"https:\/\/api.w.org\/{rel}","templated":true}]}}