{"id":340,"date":"2025-07-28T15:14:00","date_gmt":"2025-07-28T13:14:00","guid":{"rendered":"https:\/\/pgstab.be\/?page_id=340"},"modified":"2025-09-10T21:34:38","modified_gmt":"2025-09-10T19:34:38","slug":"solutions","status":"publish","type":"page","link":"https:\/\/pgstab.be\/index.php\/solutions\/","title":{"rendered":"Solutions"},"content":{"rendered":"<div data-colibri-id=\"340-c1\" class=\"style-324 style-local-340-c1 position-relative\">\n  <!---->\n  <div data-colibri-component=\"section\" data-colibri-id=\"340-c2\" id=\"overlappable\" class=\"h-section h-section-global-spacing d-flex align-items-lg-center align-items-md-center align-items-center style-325 style-local-340-c2 position-relative\">\n    <!---->\n    <!---->\n    <div class=\"h-section-grid-container h-section-boxed-container\">\n      <!---->\n      <div data-colibri-id=\"340-c3\" class=\"h-row-container gutters-row-lg-0 gutters-row-md-0 gutters-row-2 gutters-row-v-lg-0 gutters-row-v-md-0 gutters-row-v-2 style-326 style-local-340-c3 position-relative\">\n        <!---->\n        <div class=\"h-row justify-content-lg-center justify-content-md-center justify-content-center align-items-lg-stretch align-items-md-stretch align-items-stretch gutters-col-lg-0 gutters-col-md-0 gutters-col-2 gutters-col-v-lg-0 gutters-col-v-md-0 gutters-col-v-2\">\n          <!---->\n          <div class=\"h-column h-column-container d-flex h-col-lg-3 h-col-md-3 h-col-12 style-327-outer style-local-340-c4-outer\">\n            <div data-colibri-id=\"340-c4\" class=\"d-flex h-flex-basis h-column__inner h-px-lg-3 h-px-md-3 h-px-2 v-inner-lg-3 v-inner-md-3 v-inner-2 style-327 style-local-340-c4 position-relative\">\n              <!---->\n              <!---->\n              <div class=\"w-100 h-y-container h-column__content h-column__v-align flex-basis-100 align-self-lg-center align-self-md-center align-self-center\">\n                <!---->\n                <div data-colibri-id=\"340-c5\" class=\"h-icon style-328 style-local-340-c5 position-relative h-element\">\n                  <!----><span class=\"h-svg-icon h-icon__icon style-328-icon style-local-340-c5-icon\"><!--Icon by Icons8 Line Awesome (https:\/\/icons8.com\/line-awesome)--><svg version=\"1.1\" xmlns=\"http:\/\/www.w3.org\/2000\/svg\" xmlns:xlink=\"http:\/\/www.w3.org\/1999\/xlink\" id=\"university\" viewBox=\"0 0 512 545.5\"><path d=\"M256 94.5l6 2.5 192 80 10 4.5V224h-32v176h32v80H48v-80h32V224H48v-42.5l10-4.5 192-80zm0 35L106 192h300zM112 224v176h32V224h-32zm64 0v176h32V224h-32zm64 0v176h32V224h-32zm64 0v176h32V224h-32zm64 0v176h32V224h-32zM80 432v16h352v-16H80z\"><\/path><\/svg><\/span><\/div>\n                <div\n                  data-colibri-id=\"340-c6\" class=\"h-global-transition-all h-heading style-329 style-local-340-c6 position-relative h-element\">\n                  <!---->\n                  <div class=\"h-heading__outer style-329 style-local-340-c6\">\n                    <!---->\n                    <!---->\n                    <h5 class=\"\">Pack vente<\/h5>\n                  <\/div>\n              <\/div>\n              <div data-colibri-id=\"340-c7\" class=\"h-text h-text-component style-330 style-local-340-c7 position-relative h-element\">\n                <!---->\n                <!---->\n                <div class=\"\">\n                  <p>Vendez sans stress avec un accompagnement technique complet\n                    <br>\n                  <\/p>\n                <\/div>\n              <\/div>\n            <\/div>\n          <\/div>\n        <\/div>\n        <div class=\"h-column h-column-container d-flex h-col-lg-3 h-col-md-3 h-col-12 style-327-outer style-local-340-c8-outer\">\n          <div data-colibri-id=\"340-c8\" class=\"d-flex h-flex-basis h-column__inner h-px-lg-3 h-px-md-3 h-px-2 v-inner-lg-3 v-inner-md-3 v-inner-2 style-327 style-local-340-c8 position-relative\">\n            <!---->\n            <!---->\n            <div class=\"w-100 h-y-container h-column__content h-column__v-align flex-basis-100 align-self-lg-center align-self-md-center align-self-center\">\n              <!---->\n              <div data-colibri-id=\"340-c9\" class=\"h-icon style-328 style-local-340-c9 position-relative h-element\">\n                <!----><span class=\"h-svg-icon h-icon__icon style-328-icon style-local-340-c9-icon\"><!--Icon by Socicon (http:\/\/www.socicon.com)--><svg version=\"1.1\" xmlns=\"http:\/\/www.w3.org\/2000\/svg\" viewBox=\"0 0 1500 1500\">\n\n<path d=\"M1459.5 1149c-1.5-1.5-1.5-3-3-4.5 0 0 0 0 0-1.5-4.5-7.5-7.5-15-12-22.5 0 0 0 0 0 0-1.5-1.5-1.5-3-3-4.5 0 0 0 0 0 0-1.5-1.5-1.5-3-3-4.5 0 0 0 0 0 0-1.5-1.5-1.5-3-3-4.5 0 0 0 0 0 0-1.5-1.5-1.5-3-3-4.5 0 0 0 0 0 0-1.5-1.5-1.5-3-3-3 0 0 0 0 0 0-1.5-1.5-1.5-1.5-3-3 0 0 0 0 0 0-1.5-1.5-1.5-1.5-3-3 0 0 0 0 0 0-1.5-1.5-1.5-1.5-3-3 0 0 0 0 0 0-1.5-1.5-3-1.5-3-3 0 0 0 0 0 0-3-1.5-4.5-3-7.5-3-22.5-7.5-52.5 15-73.5 27s-54 25.5-58.5 49.5c-6 22.5 16.5 55.5 30 79.5 6 12 28.5 28.5 37.5 37.5 39 25.5 72 54 69 103.5 0 0 0 0 0 0 0 1.5 0 3 0 6s0 6-1.5 7.5c55.5-63 61.5-105 66-160.5 1.5-15-1.5-36-3-48-6-15-9-27-16.5-37.5zM855 126c-1.5-1.5-1.5-3-3-4.5 0 0 0 0 0-1.5-1.5-1.5-3-3-3-4.5 0 0 0 0 0 0-1.5-1.5-3-3-4.5-3 0 0 0 0 0 0-1.5-1.5-3-1.5-4.5-3 0 0 0 0 0 0s0 0 0 0c-13.5-4.5-25.5-4.5-37.5 3l-75 43.5c-18 10.5-24 33-13.5 51l442.5 762 139.5-81-441-762zM1311 912c-1.5 0-3 1.5-3 1.5v0c-46.5 27-90 52.5-136.5 79.5l78 133.5 3 6 139.5-81-81-139.5zM661.5 451.5l-141-78-375 661.5 141 79.5 3-6zM720 348c10.5-18 4.5-40.5-13.5-51l-75-42c-13.5-7.5-28.5-6-39 1.5 0 0 0 0 0 0-1.5 1.5-3 1.5-4.5 3 0 0 0 0 0 0-1.5 1.5-3 3-3 4.5 0 0 0 0 0 1.5-1.5 1.5-1.5 3-3 4.5l-42 75 141 78 39-75zM51 1359l220.5-220.5c-46.5-27-93-52.5-141-79.5l-79.5 300zM301.5 685.5v0l3-4.5h-301.5l-3 160.5h213zM951 685.5l-3-3-378-1.5-3 4.5-87 157.5h562.5l-91.5-157.5zM1222.5 682.5l96 162h181.5v-162z\"><\/path>\n<\/svg>\n<\/span><\/div>\n              <div data-colibri-id=\"340-c10\" class=\"h-global-transition-all h-heading style-329 style-local-340-c10 position-relative h-element\">\n                <!---->\n                <div class=\"h-heading__outer style-329 style-local-340-c10\">\n                  <!---->\n                  <!---->\n                  <h5 class=\"\">Pack stabilit\u00e9<\/h5>\n                <\/div>\n              <\/div>\n              <div data-colibri-id=\"340-c11\" class=\"h-text h-text-component style-330 style-local-340-c11 position-relative h-element\">\n                <!---->\n                <!---->\n                <div class=\"\">\n                  <p>Soyez certain de la solidit\u00e9 de vos b\u00e2timents\n                    <br>\n                  <\/p>\n                <\/div>\n              <\/div>\n            <\/div>\n          <\/div>\n        <\/div>\n        <div class=\"h-column h-column-container d-flex h-col-lg-3 h-col-md-3 h-col-12 style-327-outer style-local-340-c12-outer\">\n          <div data-colibri-id=\"340-c12\" class=\"d-flex h-flex-basis h-column__inner h-px-lg-3 h-px-md-3 h-px-2 v-inner-lg-3 v-inner-md-3 v-inner-2 style-327 style-local-340-c12 position-relative\">\n            <!---->\n            <!---->\n            <div class=\"w-100 h-y-container h-column__content h-column__v-align flex-basis-100 align-self-lg-center align-self-md-center align-self-center\">\n              <!---->\n              <div data-colibri-id=\"340-c13\" class=\"h-icon style-328 style-local-340-c13 position-relative h-element\">\n                <!----><span class=\"h-svg-icon h-icon__icon style-328-icon style-local-340-c13-icon\"><!--Icon by Icons8 Line Awesome (https:\/\/icons8.com\/line-awesome)--><svg version=\"1.1\" xmlns=\"http:\/\/www.w3.org\/2000\/svg\" xmlns:xlink=\"http:\/\/www.w3.org\/1999\/xlink\" id=\"cubes\" viewBox=\"0 0 512 545.5\"><path d=\"M256 96l6 2.5 96 38.5 10 4v107.5l86.5 37.5 9.5 4.5v129l-8 5-96 53.5-7.5 4-7.5-3.5-89-44.5-89 44.5-7.5 3.5-7.5-4-96-53.5-8-5v-129l9.5-4.5 86.5-37.5V141l10-4 96-38.5zm0 35l-52.5 20.5L256 172l52.5-20.5zm-80 44v74l64 28.5v-78zm160 0l-64 24.5v78l64-28.5v-74zM160 277l-58 25 58 29 58-28.5zm192 0l-40 17.5-18 8 58 28.5 58-29zM80 326.5V401l64 36v-78.5zm352 0l-64 32V437l64-36v-74.5zm-192 1l-64 31V438l64-32v-78.5zm32 0V406l64 32v-79.5z\"><\/path><\/svg><\/span><\/div>\n              <div\n                data-colibri-id=\"340-c14\" class=\"h-global-transition-all h-heading style-329 style-local-340-c14 position-relative h-element\">\n                <!---->\n                <div class=\"h-heading__outer style-329 style-local-340-c14\">\n                  <!---->\n                  <!---->\n                  <h5 class=\"\">Pack Banques<\/h5>\n                <\/div>\n            <\/div>\n            <div data-colibri-id=\"340-c15\" class=\"h-text h-text-component style-330 style-local-340-c15 position-relative h-element\">\n              <!---->\n              <!---->\n              <div class=\"\">\n                <p>Rassurez votre banquier sur la valeur d&#8217;un b\u00e2timent\n                  <br>\n                <\/p>\n              <\/div>\n            <\/div>\n          <\/div>\n        <\/div>\n      <\/div>\n      <div class=\"h-column h-column-container d-flex h-col-lg-3 h-col-md-3 h-col-12 style-331-outer style-local-340-c16-outer\">\n        <div data-colibri-id=\"340-c16\" class=\"d-flex h-flex-basis h-column__inner h-px-lg-3 h-px-md-3 h-px-2 v-inner-lg-3 v-inner-md-3 v-inner-2 style-331 style-local-340-c16 position-relative\">\n          <!---->\n          <!---->\n          <div class=\"w-100 h-y-container h-column__content h-column__v-align flex-basis-100 align-self-lg-center align-self-md-center align-self-center\">\n            <!---->\n            <div data-colibri-id=\"340-c17\" class=\"h-icon style-328 style-local-340-c17 position-relative h-element\">\n              <!----><span class=\"h-svg-icon h-icon__icon style-328-icon style-local-340-c17-icon\"><!--Icon by Icons8 Line Awesome (https:\/\/icons8.com\/line-awesome)--><svg version=\"1.1\" xmlns=\"http:\/\/www.w3.org\/2000\/svg\" xmlns:xlink=\"http:\/\/www.w3.org\/1999\/xlink\" id=\"area-chart\" viewBox=\"0 0 512 545.5\"><path d=\"M448 97v383H64V204.5l19 4 73 14.5 91-60.5 5.5-3.5 6 1 89.5 15 74-58zm-32 65.5l-54 42-5.5 4.5-7-1-90-15-90.5 60.5-5.5 3.5-6.5-1.5-61-12V309l62 25 89-59.5 6.5-4 7.5 2.5 87.5 29 67.5-53.5v-86zm0 127l-54 43-7 5.5-8-3-88-29.5-90 60-7 4.5-8-3-58-23v104h320V289.5z\"><\/path><\/svg><\/span><\/div>\n            <div\n              data-colibri-id=\"340-c18\" class=\"h-global-transition-all h-heading style-329 style-local-340-c18 position-relative h-element\">\n              <!---->\n              <div class=\"h-heading__outer style-329 style-local-340-c18\">\n                <!---->\n                <!---->\n                <h5 class=\"\">Pack Travaux<\/h5>\n              <\/div>\n          <\/div>\n          <div data-colibri-id=\"340-c19\" class=\"h-text h-text-component style-330 style-local-340-c19 position-relative h-element\">\n            <!---->\n            <!---->\n            <div class=\"\">\n              <p>Construisez qualit\u00e9, construisez accompagn\u00e9 d&#8217;un ing\u00e9nieur<span style=\"font-weight: 400; font-size: 16px; font-family: Open Sans; color: rgb(70, 112, 127);\"><br><\/span><\/p>\n            <\/div>\n          <\/div>\n        <\/div>\n      <\/div>\n    <\/div>\n  <\/div>\n<\/div>\n<\/div>\n<\/div>\n<\/div>","protected":false},"excerpt":{"rendered":"<p>Pack vente Vendez sans stress avec un accompagnement technique complet Pack stabilit\u00e9 Soyez certain de la solidit\u00e9 de vos b\u00e2timents Pack Banques Rassurez votre banquier sur la valeur d&#8217;un b\u00e2timent Pack Travaux Construisez qualit\u00e9, construisez accompagn\u00e9 d&#8217;un ing\u00e9nieur<\/p>\n","protected":false},"author":1,"featured_media":0,"parent":0,"menu_order":0,"comment_status":"closed","ping_status":"closed","template":"page-templates\/full-width-page.php","meta":{"footnotes":""},"class_list":["post-340","page","type-page","status-publish","hentry"],"_links":{"self":[{"href":"https:\/\/pgstab.be\/index.php\/wp-json\/wp\/v2\/pages\/340","targetHints":{"allow":["GET"]}}],"collection":[{"href":"https:\/\/pgstab.be\/index.php\/wp-json\/wp\/v2\/pages"}],"about":[{"href":"https:\/\/pgstab.be\/index.php\/wp-json\/wp\/v2\/types\/page"}],"author":[{"embeddable":true,"href":"https:\/\/pgstab.be\/index.php\/wp-json\/wp\/v2\/users\/1"}],"replies":[{"embeddable":true,"href":"https:\/\/pgstab.be\/index.php\/wp-json\/wp\/v2\/comments?post=340"}],"version-history":[{"count":17,"href":"https:\/\/pgstab.be\/index.php\/wp-json\/wp\/v2\/pages\/340\/revisions"}],"predecessor-version":[{"id":570,"href":"https:\/\/pgstab.be\/index.php\/wp-json\/wp\/v2\/pages\/340\/revisions\/570"}],"wp:attachment":[{"href":"https:\/\/pgstab.be\/index.php\/wp-json\/wp\/v2\/media?parent=340"}],"curies":[{"name":"wp","href":"https:\/\/api.w.org\/{rel}","templated":true}]}}